{"id":8,"date":"2015-03-09T10:34:11","date_gmt":"2015-03-09T10:34:11","guid":{"rendered":"http:\/\/demo.athemes.com\/sydney\/?page_id=8"},"modified":"2018-10-02T12:32:39","modified_gmt":"2018-10-02T12:32:39","slug":"my-front-page","status":"publish","type":"page","link":"https:\/\/gevenco.com\/new\/","title":{"rendered":"HOME"},"content":{"rendered":"<div id=\"pl-8\"  class=\"panel-layout\" ><div id=\"pg-8-0\"  class=\"panel-grid panel-has-style\" ><div style=\"padding: 100px 0; \" data-overlay=\"true\" data-overlay-color=\"#000000\" class=\"panel-row-style panel-row-style-for-8-0\" ><div id=\"pgc-8-0-0\"  class=\"panel-grid-cell\" ><div id=\"panel-8-0-0-0\" class=\"so-panel widget widget_sydney_latest_news sydney_latest_news_widget panel-first-child panel-last-child\" data-index=\"0\" ><div style=\"text-align: left;\" data-title-color=\"#443f3f\" data-headings-color=\"#443f3f\" class=\"panel-widget-style panel-widget-style-for-8-0-0-0\" >\t\t<h3 class=\"widget-title\">Novedades<\/h3>\r\n\t\t\t\t\t<div class=\"blog-post col-md-4 col-sm-6 col-xs-12\">\r\n\t\t\t\t\t\t\t\t\t\r\n\t\t\t<h4 class=\"entry-title\"><a href=\"https:\/\/gevenco.com\/new\/2022\/08\/19\/and-ryzen-serie-6000-asus-ms-pluton\/\" rel=\"bookmark\">AND Ryzen Serie 6000 + ASUS + MS Pluton<\/a><\/h4>\t\t\t\t<div class=\"entry-summary\"><p>&nbsp; &nbsp; AMD&nbsp;anunci\u00f3 la llegada a la Argentina de su nueva l\u00ednea de procesadores para laptops, los&nbsp;Ryzen Serie 6000, de la mano de su partner&nbsp;ASUS. Este anuncio est\u00e1 pensado para el p\u00fablico&nbsp;gamers&nbsp;y creadores de contenido, con un portafolio de productos que se destaca por su desempe\u00f1o, potencia y ahorro energ\u00e9tico, seg\u00fan vimos durante el encuentro [&hellip;]<\/p>\n<\/div>\r\n\t\t\t<\/div>\r\n\t\t\t\t\t<div class=\"blog-post col-md-4 col-sm-6 col-xs-12\">\r\n\t\t\t\t\t\t\t\t\t\r\n\t\t\t<h4 class=\"entry-title\"><a href=\"https:\/\/gevenco.com\/new\/2022\/07\/25\/local-dating-online\/\" rel=\"bookmark\">Local Dating Online<\/a><\/h4>\t\t\t\t<div class=\"entry-summary\"><p>Many local newspapers had online personals in the mid 1990s but were bought out by these big dating sites. From some of the comments it really shows how desperate dating sites are for money that they even advertise in comment sections. You have a much better chance going to local events and you will probably [&hellip;]<\/p>\n<\/div>\r\n\t\t\t<\/div>\r\n\t\t\t\t\t<div class=\"blog-post col-md-4 col-sm-6 col-xs-12\">\r\n\t\t\t\t\t\t\t\t\t\r\n\t\t\t<h4 class=\"entry-title\"><a href=\"https:\/\/gevenco.com\/new\/2021\/12\/30\/bitdefender-emite-las-5-principales-predicciones-de-ciberseguridad-para-2022\/\" rel=\"bookmark\">Bitdefender emite las 5 principales predicciones de ciberseguridad para 2022<\/a><\/h4>\t\t\t\t<div class=\"entry-summary\"><p>Este a\u00f1o est\u00e1 llegando a su fin y la comunidad de ciberseguridad est\u00e1 trabajando arduamente en tecnolog\u00edas y soluciones que proteger\u00e1n a los consumidores y usuarios comerciales en 2022 y m\u00e1s all\u00e1.&nbsp;Bitdefender Labs y su equipo de respuesta y detecci\u00f3n administrada son reconocidos por su conocimiento profundo del panorama de amenazas en r\u00e1pida evoluci\u00f3n. Aqu\u00ed [&hellip;]<\/p>\n<\/div>\r\n\t\t\t<\/div>\r\n\t\t\r\n\t\t\t\t\t\t\t<a href=\"https:\/\/gevenco.com\/new\/my-blog\/\" class=\"roll-button more-button\">Ver todas nuestras noticias<\/a>\r\n\t\t\t\t\r\n\t<\/div><\/div><\/div><\/div><\/div><div id=\"pg-8-1\"  class=\"panel-grid panel-has-style\" ><div class=\"siteorigin-panels-stretch mob-pad-0 panel-row-style panel-row-style-for-8-1\" style=\"border-bottom: 1px solid #e0e0e0;padding: 100px 0; \" data-stretch-type=\"full\" data-overlay=\"true\" data-overlay-color=\"#000000\" ><div id=\"pgc-8-1-0\"  class=\"panel-grid-cell\" ><div id=\"panel-8-1-0-0\" class=\"so-panel widget widget_sydney_clients sydney_clients_widget panel-first-child panel-last-child\" data-index=\"1\" ><div style=\"text-align: left;\" data-title-color=\"#443f3f\" data-headings-color=\"#443f3f\" class=\"panel-widget-style panel-widget-style-for-8-1-0-0\" >\r\n\r\n\t\t\t<h3 class=\"widget-title\">Algunos de nuestros clientes<\/h3>\t\t\t\t<div class=\"roll-client\">\r\n\t\t\t\t\t\t\t\t\t\t\t\t\t\t\t\t\t\t\t\t<div class=\"client-item\">\r\n\t\t\t\t\t\t\t\t\t\t\t\t\t\t\t<img width=\"173\" height=\"67\" src=\"https:\/\/gevenco.com\/new\/wp-content\/uploads\/2021\/03\/Captura-de-Pantalla-2021-03-26-a-las-17.49.57.png\" class=\"attachment-sydney-small-thumb size-sydney-small-thumb wp-post-image\" alt=\"\" loading=\"lazy\" \/>\t\t\t\t\t\t\t\t\t\t\t\t\t<\/div>\r\n\t\t\t\t\t\t\t\t\t\t\t\t\t\t\t\t\t\t\t\t\t\t\t\t\t<div class=\"client-item\">\r\n\t\t\t\t\t\t\t\t\t\t\t\t\t\t\t<a target=\"_self\" href=\"http:\/\/%20www.muradjuguetes.com.ar\"><img width=\"169\" height=\"50\" src=\"https:\/\/gevenco.com\/new\/wp-content\/uploads\/2020\/03\/murad-logo.png\" class=\"attachment-post-thumbnail size-post-thumbnail wp-post-image\" alt=\"\" loading=\"lazy\" \/><\/a>\r\n\t\t\t\t\t\t\t\t\t\t\t\t\t<\/div>\r\n\t\t\t\t\t\t\t\t\t\t\t\t\t\t\t\t\t\t\t\t\t\t\t\t\t<div class=\"client-item\">\r\n\t\t\t\t\t\t\t\t\t\t\t\t\t\t\t<img width=\"230\" height=\"96\" src=\"https:\/\/gevenco.com\/new\/wp-content\/uploads\/2019\/04\/puntoian-Logo-230x96.png\" class=\"attachment-sydney-small-thumb size-sydney-small-thumb wp-post-image\" alt=\"\" loading=\"lazy\" srcset=\"https:\/\/gevenco.com\/new\/wp-content\/uploads\/2019\/04\/puntoian-Logo-230x96.png 230w, https:\/\/gevenco.com\/new\/wp-content\/uploads\/2019\/04\/puntoian-Logo-300x125.png 300w, https:\/\/gevenco.com\/new\/wp-content\/uploads\/2019\/04\/puntoian-Logo.png 312w\" sizes=\"(max-width: 230px) 100vw, 230px\" \/>\t\t\t\t\t\t\t\t\t\t\t\t\t<\/div>\r\n\t\t\t\t\t\t\t\t\t\t\t\t\t\t\t\t\t\t\t\t\t\t\t\t\t<div class=\"client-item\">\r\n\t\t\t\t\t\t\t\t\t\t\t\t\t\t\t<img width=\"136\" height=\"136\" src=\"https:\/\/gevenco.com\/new\/wp-content\/uploads\/2018\/09\/WIENER.jpg\" class=\"attachment-sydney-small-thumb size-sydney-small-thumb wp-post-image\" alt=\"\" loading=\"lazy\" \/>\t\t\t\t\t\t\t\t\t\t\t\t\t<\/div>\r\n\t\t\t\t\t\t\t\t\t\t\t\t\t\t\t\t\t\t\t\t\t\t\t\t\t<div class=\"client-item\">\r\n\t\t\t\t\t\t\t\t\t\t\t\t\t\t\t<img width=\"136\" height=\"136\" src=\"https:\/\/gevenco.com\/new\/wp-content\/uploads\/2018\/09\/WIDEX-1.jpg\" class=\"attachment-sydney-small-thumb size-sydney-small-thumb wp-post-image\" alt=\"\" loading=\"lazy\" \/>\t\t\t\t\t\t\t\t\t\t\t\t\t<\/div>\r\n\t\t\t\t\t\t\t\t\t\t\t\t\t\t\t\t\t\t\t\t\t\t\t\t\t<div class=\"client-item\">\r\n\t\t\t\t\t\t\t\t\t\t\t\t\t\t\t<img width=\"136\" height=\"136\" src=\"https:\/\/gevenco.com\/new\/wp-content\/uploads\/2018\/09\/TECCE-1.jpg\" class=\"attachment-sydney-small-thumb size-sydney-small-thumb wp-post-image\" alt=\"\" loading=\"lazy\" \/>\t\t\t\t\t\t\t\t\t\t\t\t\t<\/div>\r\n\t\t\t\t\t\t\t\t\t\t\t\t\t\t\t\t\t\t\t\t\t\t\t\t\t<div class=\"client-item\">\r\n\t\t\t\t\t\t\t\t\t\t\t\t\t\t\t<img width=\"136\" height=\"136\" src=\"https:\/\/gevenco.com\/new\/wp-content\/uploads\/2018\/09\/SANATORIO_AMERICANO-.jpg\" class=\"attachment-sydney-small-thumb size-sydney-small-thumb wp-post-image\" alt=\"\" loading=\"lazy\" \/>\t\t\t\t\t\t\t\t\t\t\t\t\t<\/div>\r\n\t\t\t\t\t\t\t\t\t\t\t\t\t\t\t\t\t\t\t\t\t\t\t\t\t<div class=\"client-item\">\r\n\t\t\t\t\t\t\t\t\t\t\t\t\t\t\t<img width=\"136\" height=\"136\" src=\"https:\/\/gevenco.com\/new\/wp-content\/uploads\/2018\/09\/ROTAM-1.jpg\" class=\"attachment-sydney-small-thumb size-sydney-small-thumb wp-post-image\" alt=\"\" loading=\"lazy\" \/>\t\t\t\t\t\t\t\t\t\t\t\t\t<\/div>\r\n\t\t\t\t\t\t\t\t\t\t\t\t\t\t\t\t\t\t\t\t\t\t\t\t\t<div class=\"client-item\">\r\n\t\t\t\t\t\t\t\t\t\t\t\t\t\t\t<img width=\"136\" height=\"136\" src=\"https:\/\/gevenco.com\/new\/wp-content\/uploads\/2018\/09\/RETENES_DBH.jpg\" class=\"attachment-sydney-small-thumb size-sydney-small-thumb wp-post-image\" alt=\"\" loading=\"lazy\" \/>\t\t\t\t\t\t\t\t\t\t\t\t\t<\/div>\r\n\t\t\t\t\t\t\t\t\t\t\t\t\t\t\t\t\t\t\t\t\t\t\t\t\t<div class=\"client-item\">\r\n\t\t\t\t\t\t\t\t\t\t\t\t\t\t\t<img width=\"136\" height=\"136\" src=\"https:\/\/gevenco.com\/new\/wp-content\/uploads\/2018\/09\/OSDE.jpg\" class=\"attachment-sydney-small-thumb size-sydney-small-thumb wp-post-image\" alt=\"\" loading=\"lazy\" \/>\t\t\t\t\t\t\t\t\t\t\t\t\t<\/div>\r\n\t\t\t\t\t\t\t\t\t\t\t\t\t\t\t\t\t\t\t\t\t\t\t\t\t<div class=\"client-item\">\r\n\t\t\t\t\t\t\t\t\t\t\t\t\t\t\t<img width=\"136\" height=\"136\" src=\"https:\/\/gevenco.com\/new\/wp-content\/uploads\/2018\/09\/NIKE.jpg\" class=\"attachment-sydney-small-thumb size-sydney-small-thumb wp-post-image\" alt=\"\" loading=\"lazy\" \/>\t\t\t\t\t\t\t\t\t\t\t\t\t<\/div>\r\n\t\t\t\t\t\t\t\t\t\t\t\t\t\t\t\t\t\t\t\t\t\t\t\t\t<div class=\"client-item\">\r\n\t\t\t\t\t\t\t\t\t\t\t\t\t\t\t<img width=\"136\" height=\"136\" src=\"https:\/\/gevenco.com\/new\/wp-content\/uploads\/2018\/09\/NCA.jpg\" class=\"attachment-sydney-small-thumb size-sydney-small-thumb wp-post-image\" alt=\"\" loading=\"lazy\" \/>\t\t\t\t\t\t\t\t\t\t\t\t\t<\/div>\r\n\t\t\t\t\t\t\t\t\t\t\t\t\t\t\t\t\t\t\t\t\t\t\t\t\t<div class=\"client-item\">\r\n\t\t\t\t\t\t\t\t\t\t\t\t\t\t\t<img width=\"136\" height=\"136\" src=\"https:\/\/gevenco.com\/new\/wp-content\/uploads\/2018\/09\/MOTOR_DOS-1.jpg\" class=\"attachment-sydney-small-thumb size-sydney-small-thumb wp-post-image\" alt=\"\" loading=\"lazy\" \/>\t\t\t\t\t\t\t\t\t\t\t\t\t<\/div>\r\n\t\t\t\t\t\t\t\t\t\t\t\t\t\t\t\t\t\t\t\t\t\t\t\t\t<div class=\"client-item\">\r\n\t\t\t\t\t\t\t\t\t\t\t\t\t\t\t<img width=\"136\" height=\"136\" src=\"https:\/\/gevenco.com\/new\/wp-content\/uploads\/2018\/09\/MINISTERIO.gif\" class=\"attachment-sydney-small-thumb size-sydney-small-thumb wp-post-image\" alt=\"\" loading=\"lazy\" \/>\t\t\t\t\t\t\t\t\t\t\t\t\t<\/div>\r\n\t\t\t\t\t\t\t\t\t\t\t\t\t\t\t\t\t\t\t\t\t\t\t\t\t<div class=\"client-item\">\r\n\t\t\t\t\t\t\t\t\t\t\t\t\t\t\t<img width=\"136\" height=\"136\" src=\"https:\/\/gevenco.com\/new\/wp-content\/uploads\/2018\/09\/MERVAROS.jpg\" class=\"attachment-sydney-small-thumb size-sydney-small-thumb wp-post-image\" alt=\"\" loading=\"lazy\" \/>\t\t\t\t\t\t\t\t\t\t\t\t\t<\/div>\r\n\t\t\t\t\t\t\t\t\t\t\t\t\t\t\t\t\t\t\t\t\t\t\t\t\t<div class=\"client-item\">\r\n\t\t\t\t\t\t\t\t\t\t\t\t\t\t\t<img width=\"136\" height=\"136\" src=\"https:\/\/gevenco.com\/new\/wp-content\/uploads\/2018\/09\/mercator.jpg\" class=\"attachment-sydney-small-thumb size-sydney-small-thumb wp-post-image\" alt=\"\" loading=\"lazy\" \/>\t\t\t\t\t\t\t\t\t\t\t\t\t<\/div>\r\n\t\t\t\t\t\t\t\t\t\t\t\t\t\t\t\t\t\t\t\t\t\t\t\t\t<div class=\"client-item\">\r\n\t\t\t\t\t\t\t\t\t\t\t\t\t\t\t<img width=\"136\" height=\"136\" src=\"https:\/\/gevenco.com\/new\/wp-content\/uploads\/2018\/09\/COOP_INTEGRAL_VGG-.jpg\" class=\"attachment-sydney-small-thumb size-sydney-small-thumb wp-post-image\" alt=\"\" loading=\"lazy\" \/>\t\t\t\t\t\t\t\t\t\t\t\t\t<\/div>\r\n\t\t\t\t\t\t\t\t\t\t\t\t\t\t\t\t\t\t\t\t\t\t\t\t\t<div class=\"client-item\">\r\n\t\t\t\t\t\t\t\t\t\t\t\t\t\t\t<img width=\"136\" height=\"136\" src=\"https:\/\/gevenco.com\/new\/wp-content\/uploads\/2018\/09\/clesape-1.jpg\" class=\"attachment-sydney-small-thumb size-sydney-small-thumb wp-post-image\" alt=\"\" loading=\"lazy\" \/>\t\t\t\t\t\t\t\t\t\t\t\t\t<\/div>\r\n\t\t\t\t\t\t\t\t\t\t\t\t\t\t\t\t\t\t\t\t\t\t\t\t\t<div class=\"client-item\">\r\n\t\t\t\t\t\t\t\t\t\t\t\t\t\t\t<img width=\"136\" height=\"136\" src=\"https:\/\/gevenco.com\/new\/wp-content\/uploads\/2018\/09\/CERAMICA_ALBERDI-.jpg\" class=\"attachment-sydney-small-thumb size-sydney-small-thumb wp-post-image\" alt=\"\" loading=\"lazy\" \/>\t\t\t\t\t\t\t\t\t\t\t\t\t<\/div>\r\n\t\t\t\t\t\t\t\t\t\t\t\t\t\t\t\t\t\t\t\t\t\t\t\t\t<div class=\"client-item\">\r\n\t\t\t\t\t\t\t\t\t\t\t\t\t\t\t<img width=\"136\" height=\"136\" src=\"https:\/\/gevenco.com\/new\/wp-content\/uploads\/2018\/09\/CARGILL.jpg\" class=\"attachment-sydney-small-thumb size-sydney-small-thumb wp-post-image\" alt=\"\" loading=\"lazy\" \/>\t\t\t\t\t\t\t\t\t\t\t\t\t<\/div>\r\n\t\t\t\t\t\t\t\t\t\t\t\t\t\t\t\t\t\t\t\t\t\t\t\t\t<div class=\"client-item\">\r\n\t\t\t\t\t\t\t\t\t\t\t\t\t\t\t<img width=\"136\" height=\"136\" src=\"https:\/\/gevenco.com\/new\/wp-content\/uploads\/2015\/03\/CALZAVARA.jpg\" class=\"attachment-sydney-small-thumb size-sydney-small-thumb wp-post-image\" alt=\"\" loading=\"lazy\" \/>\t\t\t\t\t\t\t\t\t\t\t\t\t<\/div>\r\n\t\t\t\t\t\t\t\t\t\t\t\t\t\t\t\t\t\t\t\t\t\t\t\t\t<div class=\"client-item\">\r\n\t\t\t\t\t\t\t\t\t\t\t\t\t\t\t<img width=\"136\" height=\"136\" src=\"https:\/\/gevenco.com\/new\/wp-content\/uploads\/2015\/03\/CAJA_INGENIERIA.jpg\" class=\"attachment-sydney-small-thumb size-sydney-small-thumb wp-post-image\" alt=\"\" loading=\"lazy\" \/>\t\t\t\t\t\t\t\t\t\t\t\t\t<\/div>\r\n\t\t\t\t\t\t\t\t\t\t\t\t\t\t\t\t\t\t\t\t\t\t\t\t\t<div class=\"client-item\">\r\n\t\t\t\t\t\t\t\t\t\t\t\t\t\t\t<img width=\"136\" height=\"136\" src=\"https:\/\/gevenco.com\/new\/wp-content\/uploads\/2015\/03\/BRITANICA_SALUD.jpg\" class=\"attachment-sydney-small-thumb size-sydney-small-thumb wp-post-image\" alt=\"\" loading=\"lazy\" \/>\t\t\t\t\t\t\t\t\t\t\t\t\t<\/div>\r\n\t\t\t\t\t\t\t\t\t\t\t\t\t\t\t\t\t\t\t\t\t\t\t\t\t<div class=\"client-item\">\r\n\t\t\t\t\t\t\t\t\t\t\t\t\t\t\t<img width=\"136\" height=\"136\" src=\"https:\/\/gevenco.com\/new\/wp-content\/uploads\/2015\/03\/BOLSA_DE_COMERCIO.jpg\" class=\"attachment-sydney-small-thumb size-sydney-small-thumb wp-post-image\" alt=\"\" loading=\"lazy\" \/>\t\t\t\t\t\t\t\t\t\t\t\t\t<\/div>\r\n\t\t\t\t\t\t\t\t\t\t\t\t\t<\/div>\t\t\r\n\r\n\t\t\t\t\r\n\r\n\r\n\t<\/div><\/div><\/div><\/div><\/div><\/div>","protected":false},"excerpt":{"rendered":"","protected":false},"author":1,"featured_media":0,"parent":0,"menu_order":0,"comment_status":"open","ping_status":"open","template":"page-templates\/page_front-page.php","meta":[],"_links":{"self":[{"href":"https:\/\/gevenco.com\/new\/wp-json\/wp\/v2\/pages\/8"}],"collection":[{"href":"https:\/\/gevenco.com\/new\/wp-json\/wp\/v2\/pages"}],"about":[{"href":"https:\/\/gevenco.com\/new\/wp-json\/wp\/v2\/types\/page"}],"author":[{"embeddable":true,"href":"https:\/\/gevenco.com\/new\/wp-json\/wp\/v2\/users\/1"}],"replies":[{"embeddable":true,"href":"https:\/\/gevenco.com\/new\/wp-json\/wp\/v2\/comments?post=8"}],"version-history":[{"count":28,"href":"https:\/\/gevenco.com\/new\/wp-json\/wp\/v2\/pages\/8\/revisions"}],"predecessor-version":[{"id":767,"href":"https:\/\/gevenco.com\/new\/wp-json\/wp\/v2\/pages\/8\/revisions\/767"}],"wp:attachment":[{"href":"https:\/\/gevenco.com\/new\/wp-json\/wp\/v2\/media?parent=8"}],"curies":[{"name":"wp","href":"https:\/\/api.w.org\/{rel}","templated":true}]}}