{"id":594,"date":"2018-08-09T21:00:16","date_gmt":"2018-08-09T21:00:16","guid":{"rendered":"http:\/\/gevenco.com\/new\/?page_id=594"},"modified":"2018-08-09T21:40:16","modified_gmt":"2018-08-09T21:40:16","slug":"codificacion","status":"publish","type":"page","link":"https:\/\/gevenco.com\/new\/codificacion\/","title":{"rendered":"Codificaci\u00f3n"},"content":{"rendered":"<div id=\"pl-594\"  class=\"panel-layout\" ><div id=\"pg-594-0\"  class=\"panel-grid panel-has-style\" ><div class=\"siteorigin-panels-stretch panel-row-style panel-row-style-for-594-0\" style=\"background-image: url(https:\/\/gevenco.com\/new\/wp-content\/uploads\/2018\/03\/barcode-3616_1920.jpg);padding: 100px 0; \" data-stretch-type=\"full\" data-hasbg=\"hasbg\" data-overlay=\"true\" data-overlay-color=\"#000000\" ><div id=\"pgc-594-0-0\"  class=\"panel-grid-cell\" ><div id=\"panel-594-0-0-0\" class=\"so-panel widget widget_sow-tabs panel-first-child panel-last-child\" data-index=\"0\" ><div style=\"text-align: left;\" data-title-color=\"#1e73be\" data-headings-color=\"#443f3f\" class=\"panel-widget-style panel-widget-style-for-594-0-0-0\" ><div\n\t\t\t\n\t\t\tclass=\"so-widget-sow-tabs so-widget-sow-tabs-default-9ebac424976f-594\"\n\t\t\t\n\t\t><h3 class=\"widget-title\">Codificaci\u00f3n<\/h3><div class=\"sow-tabs\">\n\t<div class=\"sow-tabs-tab-container\" role=\"tablist\">\n\t\t\t<div class=\"sow-tabs-tab sow-tabs-tab-selected\"\n\t\t\t role=\"tab\" data-anchor=\"captura-de-datos\"\n\t\t\t aria-selected=\"true\" tabindex=\"0\">\n\t\t\t<div class=\"sow-tabs-title sow-tabs-title-icon-left\">\n\t\t\t\t\t\t\t\tCaptura de Datos\t\t\t\t\t\t\t<\/div>\n\t\t<\/div>\n\t\t\t<div class=\"sow-tabs-tab\"\n\t\t\t role=\"tab\" data-anchor=\"identificaci%c3%b3n\"\n\t\t\t aria-selected=\"false\" tabindex=\"-1\">\n\t\t\t<div class=\"sow-tabs-title sow-tabs-title-icon-left\">\n\t\t\t\t\t\t\t\tIdentificaci\u00f3n\t\t\t\t\t\t\t<\/div>\n\t\t<\/div>\n\t\t\t<div class=\"sow-tabs-tab\"\n\t\t\t role=\"tab\" data-anchor=\"lectura-de-datos\"\n\t\t\t aria-selected=\"false\" tabindex=\"-1\">\n\t\t\t<div class=\"sow-tabs-title sow-tabs-title-icon-left\">\n\t\t\t\t\t\t\t\tLectura de datos\t\t\t\t\t\t\t<\/div>\n\t\t<\/div>\n\t\t\t<div class=\"sow-tabs-tab\"\n\t\t\t role=\"tab\" data-anchor=\"colectores-de-datos\"\n\t\t\t aria-selected=\"false\" tabindex=\"-1\">\n\t\t\t<div class=\"sow-tabs-title sow-tabs-title-icon-left\">\n\t\t\t\t\t\t\t\tColectores de datos\t\t\t\t\t\t\t<\/div>\n\t\t<\/div>\n\t\t\t<div class=\"sow-tabs-tab\"\n\t\t\t role=\"tab\" data-anchor=\"insumos\"\n\t\t\t aria-selected=\"false\" tabindex=\"-1\">\n\t\t\t<div class=\"sow-tabs-title sow-tabs-title-icon-left\">\n\t\t\t\t\t\t\t\tInsumos\t\t\t\t\t\t\t<\/div>\n\t\t<\/div>\n\t\t<\/div>\n\t\n\t<div class=\"sow-tabs-panel-container\">\n\t\t\t<div class=\"sow-tabs-panel\">\n\t\t\t<div class=\"sow-tabs-panel-content\" role=\"tabpanel\" tabindex=\"0\">\n\t\t\t\t<p>Desarrollamos y comercializamos sistemas de captura e impresi\u00f3n de datos (c\u00f3digo de barras, manchas) para diversos mercados como: sistema de facturaci\u00f3n en m\u00f3viles, codificaci\u00f3n, etiquetado y seguimiento de mercader\u00eda para mercado interno y exportaci\u00f3n, toma estado de medidores para cooperativas proveedoras de electricidad, sistemas de validaciones On-Line con lectura de tarjetas magn\u00e9ticas, grupos de afinidad y pulseras id. pacientes.<\/p>\n<p>Brindamos soluciones a trav\u00e9s de nuevas tecnolog\u00edas y equipos innovadores, automatizando tareas y reduciendo el factor error a la m\u00ednima expresi\u00f3n.<\/p>\n\t\t\t<\/div>\n\t\t<\/div>\n\t\t\t<div class=\"sow-tabs-panel\">\n\t\t\t<div class=\"sow-tabs-panel-content\" role=\"tabpanel\" aria-hidden=\"true\">\n\t\t\t\t<ul>\n<li>C\u00f3digos de barras: la identificaci\u00f3n un\u00edvoca para productos, bienes y servicios.<\/li>\n<li><strong>DataBar:\u00a0<\/strong>la familia de c\u00f3digos de barras ideal para productos de medida variable.<\/li>\n<li><strong>DataMatrix:\u00a0<\/strong>c\u00f3digos que almacenan gran cantidad de datos, especiales para objetos peque\u00f1os y productos del sector del cuidado de la salud.<\/li>\n<li><strong>EPC:\u00a0<\/strong>el est\u00e1ndar de identificaci\u00f3n de objetos a trav\u00e9s de \u201cradio frecuencia\u201d (RFI).<\/li>\n<li><strong>QR:\u00a0<\/strong>c\u00f3digos de barras bidimensionales. La informaci\u00f3n est\u00e1 codificada dentro de un cuadrado, permitiendo almacenar gran cantidad de informaci\u00f3n alfanum\u00e9rica.<\/li>\n<\/ul>\n\t\t\t<\/div>\n\t\t<\/div>\n\t\t\t<div class=\"sow-tabs-panel\">\n\t\t\t<div class=\"sow-tabs-panel-content\" role=\"tabpanel\" aria-hidden=\"true\">\n\t\t\t\t<p><strong>Lectores:<\/strong><\/p>\n<ul>\n<li>L\u00e1piz \u00f3ptico<\/li>\n<li>CCD<\/li>\n<li>Laser<\/li>\n<li>Banda magn\u00e9tica<\/li>\n<li>Lectores de Cheques<\/li>\n<li>Imager<\/li>\n<li>Modular Scanning System<\/li>\n<li>Multidireccionales<\/li>\n<li>Estacionamiento Inteligente (<strong>Parking System<\/strong>)<\/li>\n<li>Biom\u00e9tricos (Huellas dactilares)<\/li>\n<li>Iris<\/li>\n<li>Volum\u00e9tricos (facial y manos)<\/li>\n<li>Tarjetas chip<\/li>\n<li>Sensores de agua, gas, humo, temperatura controlados remotamente<\/li>\n<\/ul>\n\t\t\t<\/div>\n\t\t<\/div>\n\t\t\t<div class=\"sow-tabs-panel\">\n\t\t\t<div class=\"sow-tabs-panel-content\" role=\"tabpanel\" aria-hidden=\"true\">\n\t\t\t\t<ul>\n<li>Ingreso por teclado.<\/li>\n<li>Ingreso por lectura (con Scanner)<\/li>\n<li>Docking Station para carga de bater\u00edas y comunicaci\u00f3n a PC<\/li>\n<li>Trasmisi\u00f3n alambrica, bluetooth e Irda(infrarrojo)<\/li>\n<li>Equipamiento Alta resistencia a Golpes<\/li>\n<li>O.S v\u00eda l\u00ednea telef\u00f3nica o banda ancha (Internet)<\/li>\n<li><strong>Sistemas TomaEstado<\/strong><\/li>\n<li><strong>Sistema Hospitalario \u2013 Seguimiento id. Pacientes<\/strong><\/li>\n<\/ul>\n\t\t\t<\/div>\n\t\t<\/div>\n\t\t\t<div class=\"sow-tabs-panel\">\n\t\t\t<div class=\"sow-tabs-panel-content\" role=\"tabpanel\" aria-hidden=\"true\">\n\t\t\t\t<p><strong>RIBBONS<\/strong><\/p>\n<ul>\n<li>Cera<\/li>\n<li>Resina awx<\/li>\n<li>Cera-Resina<\/li>\n<\/ul>\n<p><strong>ETIQUETAS AUTOADHESIVAS EN ROLLO<\/strong><\/p>\n<ul>\n<li>Papel Litho brillante (ilustraci\u00f3n)<\/li>\n<li>Papel Transfer mat (satinado)<\/li>\n<li>Papel Fluo<\/li>\n<li>Papel Termosencible<\/li>\n<li>Papel Bond<\/li>\n<li>Papel Kraft<\/li>\n<li>Kindura<\/li>\n<li>Tyvekl<\/li>\n<li>Film Vinil (seguridad)<\/li>\n<li>Film kapton TM( Max:232\u00baC )<\/li>\n<li>Prolipropileno(OPP)<\/li>\n<\/ul>\n<p><strong>APLICADORAS DE ETIQUETAS EN ROLLOS<\/strong><\/p>\n<ul>\n<li>Manuales<\/li>\n<li>Autom\u00e1ticas<\/li>\n<\/ul>\n<p><strong>ETIQUETAS INTELIGENTES (RFID)<br \/>\n<\/strong><\/p>\n\t\t\t<\/div>\n\t\t<\/div>\n\t\t<\/div>\n<\/div>\n<\/div><\/div><\/div><\/div><\/div><\/div><\/div>","protected":false},"excerpt":{"rendered":"<p>Codificaci\u00f3n Captura de Datos Identificaci\u00f3n Lectura de datos Colectores de datos Insumos Desarrollamos y comercializamos sistemas de captura e impresi\u00f3n de datos (c\u00f3digo de barras, manchas) para diversos mercados como: sistema de facturaci\u00f3n en m\u00f3viles, codificaci\u00f3n, etiquetado y seguimiento de mercader\u00eda para mercado interno y exportaci\u00f3n, toma estado de medidores para cooperativas proveedoras de electricidad, [&hellip;]<\/p>\n","protected":false},"author":1,"featured_media":0,"parent":0,"menu_order":0,"comment_status":"closed","ping_status":"closed","template":"page-templates\/page_front-page.php","meta":[],"_links":{"self":[{"href":"https:\/\/gevenco.com\/new\/wp-json\/wp\/v2\/pages\/594"}],"collection":[{"href":"https:\/\/gevenco.com\/new\/wp-json\/wp\/v2\/pages"}],"about":[{"href":"https:\/\/gevenco.com\/new\/wp-json\/wp\/v2\/types\/page"}],"author":[{"embeddable":true,"href":"https:\/\/gevenco.com\/new\/wp-json\/wp\/v2\/users\/1"}],"replies":[{"embeddable":true,"href":"https:\/\/gevenco.com\/new\/wp-json\/wp\/v2\/comments?post=594"}],"version-history":[{"count":6,"href":"https:\/\/gevenco.com\/new\/wp-json\/wp\/v2\/pages\/594\/revisions"}],"predecessor-version":[{"id":633,"href":"https:\/\/gevenco.com\/new\/wp-json\/wp\/v2\/pages\/594\/revisions\/633"}],"wp:attachment":[{"href":"https:\/\/gevenco.com\/new\/wp-json\/wp\/v2\/media?parent=594"}],"curies":[{"name":"wp","href":"https:\/\/api.w.org\/{rel}","templated":true}]}}