{"id":536,"date":"2018-03-31T16:12:29","date_gmt":"2018-03-31T16:12:29","guid":{"rendered":"http:\/\/gevenco.com\/new\/?page_id=536"},"modified":"2018-09-19T20:43:52","modified_gmt":"2018-09-19T20:43:52","slug":"empresa","status":"publish","type":"page","link":"https:\/\/gevenco.com\/new\/empresa\/","title":{"rendered":"Empresa"},"content":{"rendered":"<div id=\"pl-536\"  class=\"panel-layout\" ><div id=\"pg-536-0\"  class=\"panel-grid panel-has-style\" ><div class=\"siteorigin-panels-stretch panel-row-style panel-row-style-for-536-0\" style=\"background-image: url(https:\/\/gevenco.com\/new\/wp-content\/uploads\/2018\/08\/businessman-3105873_1920.jpg);padding: 100px 0; \" data-stretch-type=\"full\" data-hasbg=\"hasbg\" data-overlay=\"true\" data-overlay-color=\"#000000\" ><div id=\"pgc-536-0-0\"  class=\"panel-grid-cell\" ><div id=\"panel-536-0-0-0\" class=\"so-panel widget widget_sow-tabs panel-first-child panel-last-child\" data-index=\"0\" ><div style=\"text-align: left;\" data-title-color=\"#1e73be\" data-headings-color=\"#443f3f\" class=\"panel-widget-style panel-widget-style-for-536-0-0-0\" ><div\n\t\t\t\n\t\t\tclass=\"so-widget-sow-tabs so-widget-sow-tabs-default-9ebac424976f-536\"\n\t\t\t\n\t\t><h3 class=\"widget-title\">Empresa<\/h3><div class=\"sow-tabs\">\n\t<div class=\"sow-tabs-tab-container\" role=\"tablist\">\n\t\t\t<div class=\"sow-tabs-tab sow-tabs-tab-selected\"\n\t\t\t role=\"tab\" data-anchor=\"qui%c3%a9nes-somos\"\n\t\t\t aria-selected=\"true\" tabindex=\"0\">\n\t\t\t<div class=\"sow-tabs-title sow-tabs-title-icon-left\">\n\t\t\t\t\t\t\t\tQui\u00e9nes Somos\t\t\t\t\t\t\t<\/div>\n\t\t<\/div>\n\t\t\t<div class=\"sow-tabs-tab\"\n\t\t\t role=\"tab\" data-anchor=\"misi%c3%b3n\"\n\t\t\t aria-selected=\"false\" tabindex=\"-1\">\n\t\t\t<div class=\"sow-tabs-title sow-tabs-title-icon-left\">\n\t\t\t\t\t\t\t\tMisi\u00f3n\t\t\t\t\t\t\t<\/div>\n\t\t<\/div>\n\t\t\t<div class=\"sow-tabs-tab\"\n\t\t\t role=\"tab\" data-anchor=\"visi%c3%b3n\"\n\t\t\t aria-selected=\"false\" tabindex=\"-1\">\n\t\t\t<div class=\"sow-tabs-title sow-tabs-title-icon-left\">\n\t\t\t\t\t\t\t\tVisi\u00f3n\t\t\t\t\t\t\t<\/div>\n\t\t<\/div>\n\t\t\t<div class=\"sow-tabs-tab\"\n\t\t\t role=\"tab\" data-anchor=\"pol%c3%adtica-de-calidad\"\n\t\t\t aria-selected=\"false\" tabindex=\"-1\">\n\t\t\t<div class=\"sow-tabs-title sow-tabs-title-icon-left\">\n\t\t\t\t\t\t\t\tPol\u00edtica de Calidad\t\t\t\t\t\t\t<\/div>\n\t\t<\/div>\n\t\t\t<div class=\"sow-tabs-tab\"\n\t\t\t role=\"tab\" data-anchor=\"pol%c3%adtica-ambiental\"\n\t\t\t aria-selected=\"false\" tabindex=\"-1\">\n\t\t\t<div class=\"sow-tabs-title sow-tabs-title-icon-left\">\n\t\t\t\t\t\t\t\tPol\u00edtica Ambiental\t\t\t\t\t\t\t<\/div>\n\t\t<\/div>\n\t\t<\/div>\n\t\n\t<div class=\"sow-tabs-panel-container\">\n\t\t\t<div class=\"sow-tabs-panel\">\n\t\t\t<div class=\"sow-tabs-panel-content\" role=\"tabpanel\" tabindex=\"0\">\n\t\t\t\t<strong>GEVENCO<\/strong> es un equipo de reconocidos\u00a0<strong>profesionales con diferentes habilidades y una larga trayectoria en las \u00e1reas de gesti\u00f3n y ejecuci\u00f3n de proyectos.<\/strong>\n\nRespondemos captando las ideas, metas y necesidades de nuestros clientes.\u00a0Damos vital importancia al trato directo, imprescindible para lograr una buena relaci\u00f3n profesional.\n\nNuestro trabajo nos permite ofrecer una<strong>\u00a0respuesta integral costo-prestaci\u00f3n<\/strong>; brindando <strong>soluciones adecuadas de servicios y tecnolog\u00edas.<\/strong>\n\nSomos proveedores de equipamientos y herramientas de i<strong>nfraestructura en captura y comunicaci\u00f3n de datos, voz y video.<\/strong>\n\n<strong>Trabajamos bajo metodolog\u00edas, est\u00e1ndares y normas de calidad internacional.<\/strong>\t\t\t<\/div>\n\t\t<\/div>\n\t\t\t<div class=\"sow-tabs-panel\">\n\t\t\t<div class=\"sow-tabs-panel-content\" role=\"tabpanel\" aria-hidden=\"true\">\n\t\t\t\t<ul>\n<li>Ser una empresa l\u00edder en soluciones de conectividad, captura de datos y energ\u00eda.<\/li>\n<li>Lograr la m\u00e1s adecuada eficiencia y productividad de nuestros clientes, a trav\u00e9s de proyectos optimizados a los requerimientos.<\/li>\n<li>Brindar calidad ofreciendo productos y servicios confiables, escalables y econ\u00f3micamente convenientes.<\/li>\n<\/ul>\n\t\t\t<\/div>\n\t\t<\/div>\n\t\t\t<div class=\"sow-tabs-panel\">\n\t\t\t<div class=\"sow-tabs-panel-content\" role=\"tabpanel\" aria-hidden=\"true\">\n\t\t\t\t<strong>GEVENCO tiene una filosof\u00eda de negocio basada en valores que fueron respetados a lo largo de toda la historia de nuestra empresa:<\/strong>\n<ul>\n \t<li>Agregar valor persiguiendo la perfecci\u00f3n y alcanzando la performance en la ejecuci\u00f3n de proyectos a trav\u00e9s del desarrollo de v\u00ednculos de largo plazo.<\/li>\n \t<li>Maximizar beneficios, incrementando la productividad y eficiencia.<\/li>\n \t<li>Nuestros proyectos se ejecutan:\n<ul>\n \t<li>Llave en mano<\/li>\n \t<li>Precio m\u00e1ximo garantizado<\/li>\n \t<li>Suma alzada progresiva con negociaci\u00f3n \"open book\u201d<\/li>\n<\/ul>\n<\/li>\n<\/ul>\t\t\t<\/div>\n\t\t<\/div>\n\t\t\t<div class=\"sow-tabs-panel\">\n\t\t\t<div class=\"sow-tabs-panel-content\" role=\"tabpanel\" aria-hidden=\"true\">\n\t\t\t\tEn <strong>GEVENCO\u00a0consideramos a la calidad como fundamental en la estrategia de nuestros negocios<\/strong>, lo que nos permite satisfacer los requerimientos de nuestros clientes cumpliendo con los niveles de calidad de\u00a0<strong>normas internacionales (ISO 9001; ISO 15000; PMI) y leyes nacionales<\/strong>.\t\t\t<\/div>\n\t\t<\/div>\n\t\t\t<div class=\"sow-tabs-panel\">\n\t\t\t<div class=\"sow-tabs-panel-content\" role=\"tabpanel\" aria-hidden=\"true\">\n\t\t\t\t<p><strong>GEVENCO asume la responsabilidad de contribuir con las pol\u00edticas del medioambiente\u00a0<\/strong>comercializando productos que cumplan con la normativa de la U.E. sobre Restricci\u00f3n de Sustancias Peligrosa en equipos electr\u00f3nicos (RoHS).<\/p>\n\t\t\t<\/div>\n\t\t<\/div>\n\t\t<\/div>\n<\/div>\n<\/div><\/div><\/div><\/div><\/div><\/div><\/div>","protected":false},"excerpt":{"rendered":"<p>Empresa Qui\u00e9nes Somos Misi\u00f3n Visi\u00f3n Pol\u00edtica de Calidad Pol\u00edtica Ambiental GEVENCO es un equipo de reconocidos\u00a0profesionales con diferentes habilidades y una larga trayectoria en las \u00e1reas de gesti\u00f3n y ejecuci\u00f3n de proyectos. Respondemos captando las ideas, metas y necesidades de nuestros clientes.\u00a0Damos vital importancia al trato directo, imprescindible para lograr una buena relaci\u00f3n profesional. Nuestro [&hellip;]<\/p>\n","protected":false},"author":1,"featured_media":0,"parent":0,"menu_order":0,"comment_status":"closed","ping_status":"closed","template":"page-templates\/page_front-page.php","meta":[],"_links":{"self":[{"href":"https:\/\/gevenco.com\/new\/wp-json\/wp\/v2\/pages\/536"}],"collection":[{"href":"https:\/\/gevenco.com\/new\/wp-json\/wp\/v2\/pages"}],"about":[{"href":"https:\/\/gevenco.com\/new\/wp-json\/wp\/v2\/types\/page"}],"author":[{"embeddable":true,"href":"https:\/\/gevenco.com\/new\/wp-json\/wp\/v2\/users\/1"}],"replies":[{"embeddable":true,"href":"https:\/\/gevenco.com\/new\/wp-json\/wp\/v2\/comments?post=536"}],"version-history":[{"count":47,"href":"https:\/\/gevenco.com\/new\/wp-json\/wp\/v2\/pages\/536\/revisions"}],"predecessor-version":[{"id":738,"href":"https:\/\/gevenco.com\/new\/wp-json\/wp\/v2\/pages\/536\/revisions\/738"}],"wp:attachment":[{"href":"https:\/\/gevenco.com\/new\/wp-json\/wp\/v2\/media?parent=536"}],"curies":[{"name":"wp","href":"https:\/\/api.w.org\/{rel}","templated":true}]}}